{"id":39,"date":"2023-01-16T13:14:25","date_gmt":"2023-01-16T13:14:25","guid":{"rendered":"https:\/\/sailingtourscroatia.com\/about-us\/"},"modified":"2024-07-30T06:37:38","modified_gmt":"2024-07-30T06:37:38","slug":"om-os","status":"publish","type":"page","link":"https:\/\/sailingtourscroatia.com\/da\/about-us\/","title":{"rendered":"Om os"},"content":{"rendered":"<p>Vi er et team af <strong>passionerede individer <\/strong>bundet sammen af vores k\u00e6rlighed til havet og de fantastiske landskaber i Kroatien. Vores f\u00e6lles drivkraft udspringer af et dybt \u00f8nske om at dele vores omfattende viden og ekspertise med andre entusiaster. Som dedikerede rejsende har vi udforsket alle kroge og hj\u00f8rner af dette mangfoldige land.<\/p>\n\n\n\n<figure class=\"wp-block-image size-large\"><img decoding=\"async\" src=\"https:\/\/sailingtourscroatia.com\/wp-content\/uploads\/sailing-in-zadar-waterfront-summer-view-stockpack-adobe-stock-1024x683.webp\" alt=\"Sejlads i Zadar med sommerudsigt fra havnefronten\" class=\"wp-image-1141\" \/><\/figure>\n\n\n\n<p>Vores prim\u00e6re m\u00e5l er at hj\u00e6lpe dig med at v\u00e6lge den perfekte sejlb\u00e5d og skr\u00e6ddersy en personlig rejseplan, der stemmer overens med dine pr\u00e6ferencer og ambitioner. Vi finder stor tilfredsstillelse i at tilbyde vejledning og dele vores indsigt, s\u00e5 t\u00f8v ikke med at kontakte os, hvis du har sp\u00f8rgsm\u00e5l.<\/p>\n\n\n\n<p>Vores omfattende udvalg af tjenester d\u00e6kker alle aspekter, fra reservation af din yacht til koordinering af logistiske detaljer. Vi giver dig ekspertanbefalinger til planl\u00e6gning af din rejseplan, <strong>foresl\u00e5 de mest uds\u00f8gte destinationer at udforske<\/strong>og fremh\u00e6ve de sev\u00e6rdigheder, du skal bes\u00f8ge. For at sikre dig absolut ro i sindet er vores support tilg\u00e6ngelig 24\/7, s\u00e5 du kan slappe af og fordybe dig helt i luksus under din ferie.<\/p>\n\n\n\n<h2 class=\"wp-block-heading\"><strong>Oplev din dr\u00f8mmesejltur i Kroatien&nbsp;<\/strong><\/h2>\n\n\n\n<p>Vi byder dig hjerteligt velkommen til at g\u00e5 p\u00e5 opdagelse i vores udvalg af sejlb\u00e5de, der hver is\u00e6r tilbyder den st\u00f8rste komfort og elegance. Med en bred vifte af faciliteter og designmuligheder vil du uden tvivl finde en b\u00e5d, der passer perfekt til din vision.<\/p>\n\n\n\n<p>Hvis vores nuv\u00e6rende tilbud ikke passer pr\u00e6cist til dine specifikke behov, er du velkommen til at kontakte os. Vi er engagerede i at finde en l\u00f8sning, der overg\u00e5r dine forventninger.<\/p>\n\n\n\n<p>Afslutningsvis vil vi gerne dele vores passion for Kroatien med dig og invitere dig til at tage med os p\u00e5 en af vores enest\u00e5ende yachtcharter. Sammen med vores f\u00f8rsteklasses service garanterer vores team af eksperter en uforglemmelig ferieoplevelse.<\/p>\n\n\n\n<p>Og hvis vores tilbud ikke lige passer til dine pr\u00e6ferencer, inviterer vi dig til at udforske vores partneralternativer, som hver is\u00e6r giver en uovertruffen ferieoplevelse midt i Kroatiens betagende havlandskab:<\/p>\n\n\n\n<ul class=\"wp-block-list\">\n<li><a href=\"https:\/\/croatiaislandcruises.com\/\">Krydstogter til \u00f8er i Kroatien<\/a><\/li>\n\n\n\n<li><a href=\"https:\/\/croatia-gulet.com\/\">Gulet i Kroatien<\/a><\/li>\n\n\n\n<li><a href=\"https:\/\/smallshipcruisescroatia.com\/\">Krydstogter med sm\u00e5 skibe i Kroatien<\/a><\/li>\n\n\n\n<li><a href=\"https:\/\/bikeandboatcroatia.com\/\">Cykel og b\u00e5d Kroatien<\/a><\/li>\n\n\n\n<li><a href=\"https:\/\/luxuryyachtchartercroatia.com\/\">Luksus Yacht Charter Kroatien<\/a><\/li>\n\n\n\n<li><a href=\"https:\/\/island-hopping-croatia.com\/\">\u00d8hop i Kroatien<\/a><\/li>\n\n\n\n<li><a href=\"https:\/\/yachtchartercroatia.com\/\">Yacht Charter Charter<\/a><\/li>\n<\/ul>\n\n\n\n<p>Vi ved, at der ogs\u00e5 er andre m\u00e5der at nyde Kroatien p\u00e5, s\u00e5 dem kan du ogs\u00e5 se n\u00e6rmere p\u00e5:<\/p>\n\n\n\n<ul class=\"wp-block-list\">\n<li><a href=\"https:\/\/croatia-tours.com\/\">Ture til Kroatien<\/a><\/li>\n\n\n\n<li><a href=\"https:\/\/activityholidayscroatia.com\/\">Aktivitetsferier i Kroatien<\/a><\/li>\n\n\n\n<li><a href=\"https:\/\/familyholidayscroatia.com\/\">Familieferie i Kroatien<\/a><\/li>\n<\/ul>","protected":false},"excerpt":{"rendered":"<p>Vi er et team af passionerede mennesker, der er bundet sammen af vores k\u00e6rlighed til havet og de fantastiske landskaber i Kroatien. Vores kollektive drivkraft stammer fra et dybt \u00f8nske om at dele vores omfattende viden og ekspertise med andre entusiaster. Som dedikerede rejsende har vi udforsket alle kroge og hj\u00f8rner af dette mangfoldige land. Vores prim\u00e6re m\u00e5l ... <a href=\"https:\/\/sailingtourscroatia.com\/da\/about-us\/\">Fortsat<\/a><\/p>","protected":false},"author":36,"featured_media":1138,"parent":0,"menu_order":0,"comment_status":"closed","ping_status":"closed","template":"","meta":{"footnotes":""},"class_list":["post-39","page","type-page","status-publish","has-post-thumbnail","hentry"],"acf":{"page_subheading":"Uncover the exceptional team at Sailing Tours Croatia, wholeheartedly devoted to delivering unmatched service to ensure your Adriatic vacation is nothing short of extraordinary."},"_links":{"self":[{"href":"https:\/\/sailingtourscroatia.com\/da\/wp-json\/wp\/v2\/pages\/39","targetHints":{"allow":["GET"]}}],"collection":[{"href":"https:\/\/sailingtourscroatia.com\/da\/wp-json\/wp\/v2\/pages"}],"about":[{"href":"https:\/\/sailingtourscroatia.com\/da\/wp-json\/wp\/v2\/types\/page"}],"author":[{"embeddable":true,"href":"https:\/\/sailingtourscroatia.com\/da\/wp-json\/wp\/v2\/users\/36"}],"replies":[{"embeddable":true,"href":"https:\/\/sailingtourscroatia.com\/da\/wp-json\/wp\/v2\/comments?post=39"}],"version-history":[{"count":11,"href":"https:\/\/sailingtourscroatia.com\/da\/wp-json\/wp\/v2\/pages\/39\/revisions"}],"predecessor-version":[{"id":6307,"href":"https:\/\/sailingtourscroatia.com\/da\/wp-json\/wp\/v2\/pages\/39\/revisions\/6307"}],"wp:featuredmedia":[{"embeddable":true,"href":"https:\/\/sailingtourscroatia.com\/da\/wp-json\/wp\/v2\/media\/1138"}],"wp:attachment":[{"href":"https:\/\/sailingtourscroatia.com\/da\/wp-json\/wp\/v2\/media?parent=39"}],"curies":[{"name":"wp","href":"https:\/\/api.w.org\/{rel}","templated":true}]}}