{"id":39,"date":"2023-01-16T13:14:25","date_gmt":"2023-01-16T13:14:25","guid":{"rendered":"https:\/\/sailingtourscroatia.com\/about-us\/"},"modified":"2024-07-30T06:37:38","modified_gmt":"2024-07-30T06:37:38","slug":"om-oss","status":"publish","type":"page","link":"https:\/\/sailingtourscroatia.com\/sv\/about-us\/","title":{"rendered":"Om oss"},"content":{"rendered":"<p>Vi \u00e4r ett team av <strong>passionerade individer <\/strong>sammanbundna av v\u00e5r k\u00e4rlek till havet och de fantastiska landskapen i Kroatien. V\u00e5r kollektiva drivkraft h\u00e4rr\u00f6r fr\u00e5n en djup \u00f6nskan att dela med oss av v\u00e5r omfattande kunskap och expertis till andra entusiaster. Som h\u00e4ngivna resen\u00e4rer har vi utforskat varje vr\u00e5 och skrymsle i detta m\u00e5ngsidiga land.<\/p>\n\n\n\n<figure class=\"wp-block-image size-large\"><img decoding=\"async\" src=\"https:\/\/sailingtourscroatia.com\/wp-content\/uploads\/sailing-in-zadar-waterfront-summer-view-stockpack-adobe-stock-1024x683.webp\" alt=\"Segling i Zadar vattenfront sommarvy\" class=\"wp-image-1141\" \/><\/figure>\n\n\n\n<p>V\u00e5rt fr\u00e4msta m\u00e5l \u00e4r att hj\u00e4lpa dig att v\u00e4lja den perfekta segelb\u00e5ten och skr\u00e4ddarsy en personlig resplan som \u00f6verensst\u00e4mmer med dina preferenser och ambitioner. Vi \u00e4r mycket n\u00f6jda med att erbjuda v\u00e4gledning och dela med oss av v\u00e5ra insikter, s\u00e5 tveka inte att h\u00f6ra av dig om du har n\u00e5gra fr\u00e5gor.<\/p>\n\n\n\n<p>V\u00e5rt omfattande utbud av tj\u00e4nster t\u00e4cker alla aspekter, fr\u00e5n att boka din yacht till att samordna logistiska detaljer. Vi ger dig expertrekommendationer f\u00f6r att planera din resv\u00e4g, <strong>f\u00f6resl\u00e5r de mest uts\u00f6kta resm\u00e5len att utforska<\/strong>och visa upp sev\u00e4rdheter som du bara m\u00e5ste bes\u00f6ka. F\u00f6r att du ska kunna k\u00e4nna dig helt lugn finns v\u00e5r support tillg\u00e4nglig dygnet runt, s\u00e5 att du kan slappna av och njuta av lyxen under din semester.<\/p>\n\n\n\n<h2 class=\"wp-block-heading\"><strong>Uppt\u00e4ck din dr\u00f6msegling i Kroatien&nbsp;<\/strong><\/h2>\n\n\n\n<p>Vi h\u00e4lsar dig varmt v\u00e4lkommen att uppt\u00e4cka v\u00e5rt urval av segelb\u00e5tar, som alla erbjuder h\u00f6gsta komfort och elegans. Med ett brett utbud av bekv\u00e4mligheter och designval kommer du utan tvekan att hitta en b\u00e5t som perfekt \u00f6verensst\u00e4mmer med din vision.<\/p>\n\n\n\n<p>Om v\u00e5ra nuvarande erbjudanden inte exakt motsvarar dina specifika behov \u00e4r du v\u00e4lkommen att kontakta oss. Vi \u00e4r fast beslutna att hitta en l\u00f6sning som \u00f6vertr\u00e4ffar dina f\u00f6rv\u00e4ntningar.<\/p>\n\n\n\n<p>Sammanfattningsvis \u00e4r vi glada \u00f6ver att f\u00e5 dela v\u00e5r passion f\u00f6r Kroatien med dig och vi vill varmt bjuda in dig till en av v\u00e5ra enast\u00e5ende yachtcharterresor. Tillsammans med v\u00e5ra f\u00f6rstklassiga tj\u00e4nster garanterar v\u00e5rt team av experter en of\u00f6rgl\u00f6mlig semesterupplevelse.<\/p>\n\n\n\n<p>Och om v\u00e5ra erbjudanden inte exakt motsvarar dina \u00f6nskem\u00e5l, uppmanar vi dig att utforska v\u00e5ra partneralternativ, som alla erbjuder en o\u00f6vertr\u00e4ffad semesterupplevelse mitt i det hisnande havslandskapet i Kroatien:<\/p>\n\n\n\n<ul class=\"wp-block-list\">\n<li><a href=\"https:\/\/croatiaislandcruises.com\/\">Kryssningar p\u00e5 \u00f6ar i Kroatien<\/a><\/li>\n\n\n\n<li><a href=\"https:\/\/croatia-gulet.com\/\">Kroatien Gulet<\/a><\/li>\n\n\n\n<li><a href=\"https:\/\/smallshipcruisescroatia.com\/\">Kryssningar med sm\u00e5 fartyg Kroatien<\/a><\/li>\n\n\n\n<li><a href=\"https:\/\/bikeandboatcroatia.com\/\">Cykel och b\u00e5t Kroatien<\/a><\/li>\n\n\n\n<li><a href=\"https:\/\/luxuryyachtchartercroatia.com\/\">Lyx Yacht Charter Kroatien<\/a><\/li>\n\n\n\n<li><a href=\"https:\/\/island-hopping-croatia.com\/\">\u00d6-hoppning Kroatien<\/a><\/li>\n\n\n\n<li><a href=\"https:\/\/yachtchartercroatia.com\/\">Yacht Charter Charter<\/a><\/li>\n<\/ul>\n\n\n\n<p>Vi vet, att det ocks\u00e5 finns andra s\u00e4tt att njuta av Kroatien, s\u00e5 du kan titta p\u00e5 dem ocks\u00e5:<\/p>\n\n\n\n<ul class=\"wp-block-list\">\n<li><a href=\"https:\/\/croatia-tours.com\/\">Resor till Kroatien<\/a><\/li>\n\n\n\n<li><a href=\"https:\/\/activityholidayscroatia.com\/\">Aktiv semester Kroatien<\/a><\/li>\n\n\n\n<li><a href=\"https:\/\/familyholidayscroatia.com\/\">Familjesemester Kroatien<\/a><\/li>\n<\/ul>","protected":false},"excerpt":{"rendered":"<p>Vi \u00e4r ett team av passionerade personer som f\u00f6renas av v\u00e5r k\u00e4rlek till havet och de fantastiska landskapen i Kroatien. V\u00e5r kollektiva drivkraft h\u00e4rr\u00f6r fr\u00e5n en djup \u00f6nskan att dela v\u00e5r omfattande kunskap och expertis med andra entusiaster. Som h\u00e4ngivna resen\u00e4rer har vi utforskat varje vr\u00e5 och skrymsle i detta m\u00e5ngsidiga land. V\u00e5rt fr\u00e4msta m\u00e5l ... <a href=\"https:\/\/sailingtourscroatia.com\/sv\/about-us\/\">Forts\u00e4ttning<\/a><\/p>","protected":false},"author":36,"featured_media":1138,"parent":0,"menu_order":0,"comment_status":"closed","ping_status":"closed","template":"","meta":{"footnotes":""},"class_list":["post-39","page","type-page","status-publish","has-post-thumbnail","hentry"],"acf":{"page_subheading":"Uncover the exceptional team at Sailing Tours Croatia, wholeheartedly devoted to delivering unmatched service to ensure your Adriatic vacation is nothing short of extraordinary."},"_links":{"self":[{"href":"https:\/\/sailingtourscroatia.com\/sv\/wp-json\/wp\/v2\/pages\/39","targetHints":{"allow":["GET"]}}],"collection":[{"href":"https:\/\/sailingtourscroatia.com\/sv\/wp-json\/wp\/v2\/pages"}],"about":[{"href":"https:\/\/sailingtourscroatia.com\/sv\/wp-json\/wp\/v2\/types\/page"}],"author":[{"embeddable":true,"href":"https:\/\/sailingtourscroatia.com\/sv\/wp-json\/wp\/v2\/users\/36"}],"replies":[{"embeddable":true,"href":"https:\/\/sailingtourscroatia.com\/sv\/wp-json\/wp\/v2\/comments?post=39"}],"version-history":[{"count":11,"href":"https:\/\/sailingtourscroatia.com\/sv\/wp-json\/wp\/v2\/pages\/39\/revisions"}],"predecessor-version":[{"id":6307,"href":"https:\/\/sailingtourscroatia.com\/sv\/wp-json\/wp\/v2\/pages\/39\/revisions\/6307"}],"wp:featuredmedia":[{"embeddable":true,"href":"https:\/\/sailingtourscroatia.com\/sv\/wp-json\/wp\/v2\/media\/1138"}],"wp:attachment":[{"href":"https:\/\/sailingtourscroatia.com\/sv\/wp-json\/wp\/v2\/media?parent=39"}],"curies":[{"name":"wp","href":"https:\/\/api.w.org\/{rel}","templated":true}]}}